{"id":14,"date":"2017-10-19T14:16:16","date_gmt":"2017-10-19T13:16:16","guid":{"rendered":"https:\/\/rokja-sensetal.ch\/base\/?page_id=14"},"modified":"2025-12-30T23:15:30","modified_gmt":"2025-12-30T22:15:30","slug":"start","status":"publish","type":"page","link":"https:\/\/rokja-sensetal.ch\/base\/","title":{"rendered":"Herzlich Willkommen"},"content":{"rendered":"<h2>Was ist die ROKJA Sensetal?<\/h2>\n<p>Die ROKJA (Regionale offene Kinder- und Jugendarbeit Sensetal) fungiert als ein gemeinsames regionales Dach, das qualitativ hochwertige Dienstleistungen und lokale Ansprechpersonen bereitstellt. Als professionelles Angebot der Kinder- und Jugendf\u00f6rderung der Gemeinden Neuenegg, Laupen, M\u00fchleberg, Frauenkappelen, Kriechenwil, Gurbr\u00fc, Ferenbalm und Wileroltigen unterst\u00fctzen wir Kinder und Jugendliche im Alter zwischen 6 und 20 Jahren w\u00e4hrend ihrer Entwicklung. Unser Ziel ist es sicherzustellen, dass sie in die Gemeinschaft integriert sind, sich wohl f\u00fchlen und aktiv an den Prozessen unserer Gesellschaft teilnehmen. Um dies zu erreichen, verfolgen wir folgende Wirkungsziele:<\/p>\n<ul>\n<li>Integration: &#8222;Gemeinsam statt einsam&#8220;<\/li>\n<li>Partizipation: &#8222;Aktiv sein und mitbestimmen&#8220;<\/li>\n<li>Gesundheitsf\u00f6rderung und Pr\u00e4vention: &#8222;Vorbeugen statt Behandeln&#8220;<\/li>\n<li>Sozialisation: &#8222;Positive Entwicklung des Ichs&#8220;<\/li>\n<li>F\u00f6rderung von Jugendkultur: &#8222;Erm\u00f6glichung von kreativen Ausdrucksformen&#8220;<\/li>\n<li>F\u00f6rderung von kinderfreundlichen Rahmenbedingungen: &#8222;In einem kinderfreundlichen Umfeld lebt es sich besser&#8220;<\/li>\n<\/ul>\n<p>Kinder- und Jugendarbeit befasst sich damit, Kinder und Jugendliche zu unterst\u00fctzen und zu f\u00f6rdern, um ihnen ein positives und erf\u00fclltes Leben zu erm\u00f6glichen. Dies umfasst die Entwicklung sozialer Kompetenzen und die St\u00e4rkung ihrer F\u00e4higkeiten. Wir helfen ihnen durch Beratung, verschiedene Freizeitangebote, Unterst\u00fctzung bei der beruflichen Orientierung und der Entwicklung eines sozialen Bewusstseins. Unser Ziel ist es, den jungen Menschen ein positives Selbstbild zu vermitteln, sie bei der Entwicklung ihrer F\u00e4higkeiten, Einstellungen und Verhaltensweisen zu unterst\u00fctzen und ihnen ein Gef\u00fchl der Sicherheit und Geborgenheit zu geben.<\/p>\n<p>Das Konzept welches als Strategiepapier und\u00a0 regionale Leistungsbestellung f\u00fcr die Jahre 2023-2026 dient ist\u00a0 hier einsehbar:<\/p>\n<p><a href=\"https:\/\/rokja-sensetal.ch\/base\/wp-content\/uploads\/2022\/11\/Konzept-der-Regionalen-offenen-Kinder-und-Jugendarbeit-Sensetal.pdf\">Konzept der Regionalen offenen Kinder- und Jugendarbeit Sensetal<\/a><\/p>\n<p><iframe loading=\"lazy\" title=\"Was ist die ROKJA Sensetal?\" width=\"700\" height=\"394\" src=\"https:\/\/www.youtube.com\/embed\/OAxw4Z0M0SM?start=6&#038;feature=oembed\" frameborder=\"0\" allow=\"accelerometer; autoplay; clipboard-write; encrypted-media; gyroscope; picture-in-picture; web-share\" referrerpolicy=\"strict-origin-when-cross-origin\" allowfullscreen><\/iframe><\/p>\n<p><img loading=\"lazy\" decoding=\"async\" class=\"alignnone size-large wp-image-2889\" src=\"https:\/\/rokja-sensetal.ch\/base\/wp-content\/uploads\/2025\/12\/ROKJA-Leistungen-700x490.jpg\" alt=\"\" width=\"700\" height=\"490\" srcset=\"https:\/\/rokja-sensetal.ch\/base\/wp-content\/uploads\/2025\/12\/ROKJA-Leistungen-700x490.jpg 700w, https:\/\/rokja-sensetal.ch\/base\/wp-content\/uploads\/2025\/12\/ROKJA-Leistungen-300x210.jpg 300w, https:\/\/rokja-sensetal.ch\/base\/wp-content\/uploads\/2025\/12\/ROKJA-Leistungen-768x537.jpg 768w, https:\/\/rokja-sensetal.ch\/base\/wp-content\/uploads\/2025\/12\/ROKJA-Leistungen-800x559.jpg 800w, https:\/\/rokja-sensetal.ch\/base\/wp-content\/uploads\/2025\/12\/ROKJA-Leistungen.jpg 1377w\" sizes=\"auto, (max-width: 700px) 100vw, 700px\" \/><\/p>\n","protected":false},"excerpt":{"rendered":"<p>Was ist die ROKJA Sensetal? Die ROKJA (Regionale offene Kinder- und Jugendarbeit Sensetal) fungiert als ein gemeinsames regionales Dach, das qualitativ hochwertige Dienstleistungen und lokale Ansprechpersonen bereitstellt. Als professionelles Angebot&#8230;<\/p>\n","protected":false},"author":1,"featured_media":0,"parent":0,"menu_order":0,"comment_status":"closed","ping_status":"closed","template":"","meta":{"footnotes":""},"class_list":["post-14","page","type-page","status-publish","hentry"],"jetpack_sharing_enabled":true,"jetpack_shortlink":"https:\/\/wp.me\/PaS9Lh-e","_links":{"self":[{"href":"https:\/\/rokja-sensetal.ch\/base\/wp-json\/wp\/v2\/pages\/14","targetHints":{"allow":["GET"]}}],"collection":[{"href":"https:\/\/rokja-sensetal.ch\/base\/wp-json\/wp\/v2\/pages"}],"about":[{"href":"https:\/\/rokja-sensetal.ch\/base\/wp-json\/wp\/v2\/types\/page"}],"author":[{"embeddable":true,"href":"https:\/\/rokja-sensetal.ch\/base\/wp-json\/wp\/v2\/users\/1"}],"replies":[{"embeddable":true,"href":"https:\/\/rokja-sensetal.ch\/base\/wp-json\/wp\/v2\/comments?post=14"}],"version-history":[{"count":122,"href":"https:\/\/rokja-sensetal.ch\/base\/wp-json\/wp\/v2\/pages\/14\/revisions"}],"predecessor-version":[{"id":2890,"href":"https:\/\/rokja-sensetal.ch\/base\/wp-json\/wp\/v2\/pages\/14\/revisions\/2890"}],"wp:attachment":[{"href":"https:\/\/rokja-sensetal.ch\/base\/wp-json\/wp\/v2\/media?parent=14"}],"curies":[{"name":"wp","href":"https:\/\/api.w.org\/{rel}","templated":true}]}}