{"id":1493,"date":"2021-04-02T19:48:00","date_gmt":"2021-04-02T17:48:00","guid":{"rendered":"https:\/\/rokja-sensetal.ch\/base\/?page_id=1493"},"modified":"2021-04-27T20:44:22","modified_gmt":"2021-04-27T18:44:22","slug":"digitale-medien","status":"publish","type":"page","link":"https:\/\/rokja-sensetal.ch\/base\/digitale-medien\/","title":{"rendered":"Digitale Medien"},"content":{"rendered":"<h1><strong>Das Dilemma mit den Sozialen Medien!<\/strong><\/h1>\n<p>Social Dilemma \u2013 Ich habe mir gerade die neue Netflix-Doku zu den Gefahren von Social Media angeschaut. Letztendlich wird aufgezeigt, was wir im Grunde l\u00e4ngst wissen und bef\u00fcrchten.<\/p>\n<p>In dem Film wird gut aufgearbeitet, wie die Manipulation durch SoMe geschieht und wie dadurch unser Verhalten beeinflusst wird.<\/p>\n<p>Es ist kaum erstaunlich, dass wir in vielen Bereichen unseres Lebens eine zunehmende Spaltung der Gesellschaft sehen. Die Meinung des Anderen zu akzeptieren schwindet und Aggressionen wachsen. Jeder bekommt die Information oder Fake-Information serviert, die die Algos uns f\u00fcttern.<\/p>\n<p>Wir Menschen sind ein Produkt, das von den Tech-Giganten zugunsten Dritter manipuliert wird. Die Forderung nach mehr Aufsicht ist absolut notwendig, auch um unseren Kindern eine bessere Zukunft zu schenken.<\/p>\n<p>Ich bin auf diesem Gebiet sicherlich kein Tech-Profi, aber ich bin Vater eines kleinen Sohns und glaube einen gesunden Menschenverstand zu haben. Schaut die Doku und bildet Euch Eure eigene Meinung, auch wenn die Protagonisten und die Doku selbst nat\u00fcrlich einen Bias haben. Der Dokumentarfilm ist auf www.netxlix.com verf\u00fcgbar.<\/p>\n<p>&nbsp;<\/p>\n<p><a href=\"https:\/\/rokja-sensetal.ch\/base\/eltern\/aaaabsbpqs6jaomic369rooo6q7bqpsdclenfvfhkgk1lphycrppxdrl3xnktely1tacwk8hftqs0oytchjlf-lxtaxt5gvfr53nsf2leuxf7rt4btyrqqo5lspcl7h_ja\/\" rel=\"attachment wp-att-1259\"><img loading=\"lazy\" decoding=\"async\" class=\"alignleft size-medium wp-image-1259\" src=\"https:\/\/rokja-sensetal.ch\/base\/wp-content\/uploads\/2020\/09\/AAAABSbpqs6JAOMic369rooO6Q7bqPSDclenFVfHkGK1LPHycRPPxDRL3xNKteLy1TAcWK8HfTQS0OYtcHJlf-lXtaxT5gvfr53NsF2lEuXf7rT4bTyRqqO5lSPcL7h_JA-300x169.jpg\" sizes=\"auto, (max-width: 300px) 100vw, 300px\" srcset=\"https:\/\/rokja-sensetal.ch\/base\/wp-content\/uploads\/2020\/09\/AAAABSbpqs6JAOMic369rooO6Q7bqPSDclenFVfHkGK1LPHycRPPxDRL3xNKteLy1TAcWK8HfTQS0OYtcHJlf-lXtaxT5gvfr53NsF2lEuXf7rT4bTyRqqO5lSPcL7h_JA-300x169.jpg 300w, https:\/\/rokja-sensetal.ch\/base\/wp-content\/uploads\/2020\/09\/AAAABSbpqs6JAOMic369rooO6Q7bqPSDclenFVfHkGK1LPHycRPPxDRL3xNKteLy1TAcWK8HfTQS0OYtcHJlf-lXtaxT5gvfr53NsF2lEuXf7rT4bTyRqqO5lSPcL7h_JA.jpg 512w\" alt=\"\" width=\"300\" height=\"169\" \/><\/a><\/p>\n<h1><\/h1>\n<p>Die Nationale Plattform Jugend und Medien (www.jugendundmedien.ch) hat einen tollen Ratgeber \u201eMedienkompetenz\u201c verfasst. Die Brosch\u00fcre richtet sich an Eltern, Lehrpersonen sowie andere Fachpersonen, die mit Kindern und Jugendliche arbeiten und erfahren m\u00f6chten, wie sie Medienkompetenzen f\u00f6rdern und junge Menschen im Medienalltag begleiten k\u00f6nnen.<\/p>\n<p>Weitere Tipps zu Medienkompetenz finden Sie:\u00a0 <a class=\"fancybox-pdf\" href=\"https:\/\/www.jugendundmedien.ch\/empfehlungen\">MEDIENKOMPETENZ -Tipps zum sicheren Umgang mit digitalen Medien<\/a><\/p>\n<p>&nbsp;<\/p>\n<h1><strong>Fortnite ist bereits in aller Munde!\u00a0<\/strong><\/h1>\n<p>Wir wissen es alle, die Welt dreht sich schnell und das Verr\u00fcckte ist, die Welt der Kinder dreht sich noch schneller. Besonders in der digitalen Welt, sind die Kinder und Jugendlichen meist versierter und haben neben Kollegen auch Foren und Plattformen wo sie sich die Infos holen. Wenn Sie jetzt denken, dass Fortnite ihr Kind nicht betrifft, da Sie ihm oder ihr das Spiel verboten haben, dann seien Sie sich bewusst, dass immer wie mehr Jugendliche auf Youtube anderen Gamern beim Spielen zusehen und so das Spielerlebnis konsumieren.<\/p>\n<p><img loading=\"lazy\" decoding=\"async\" class=\"alignnone size-medium wp-image-879\" src=\"https:\/\/rokja-sensetal.ch\/base\/wp-content\/uploads\/2019\/04\/Fortnite_604x423-1-300x210.jpg\" sizes=\"auto, (max-width: 300px) 100vw, 300px\" srcset=\"https:\/\/rokja-sensetal.ch\/base\/wp-content\/uploads\/2019\/04\/Fortnite_604x423-1-300x210.jpg 300w, https:\/\/rokja-sensetal.ch\/base\/wp-content\/uploads\/2019\/04\/Fortnite_604x423-1.jpg 604w\" alt=\"\" width=\"300\" height=\"210\" \/><\/p>\n<p>Hier ein kurzer Einblick auf\u00a0<a href=\"https:\/\/www.youtube.com\/watch?v=M5f2pXxR7t8\" target=\"_blank\" rel=\"noopener noreferrer\"><strong>Youtube<\/strong><\/a>\u00a0in das Spiel Fortnite.<\/p>\n<p>Doch was es genau ist und was es f\u00fcr die Eltern zu beachten gibt, zeigen zwei ausgew\u00e4hlte Artikel aus Fachzeitschriften:<\/p>\n<header class=\"article-content-title\">\n<h2>1. Das Elternmagazin Fritzundfraenzi<\/h2>\n<p>Woher kommt die Faszination f\u00fcr das Ballerspiel Fortnite?\u00a0<strong>Fortnite<\/strong>\u00a0ist derzeit das weltweit\u00a0<strong>beliebteste Videogame<\/strong>. Warum\u00a0<strong>fasziniert<\/strong>\u00a0das Ballerspiel so viele Jugendliche? Und woran merken Eltern, dass ihr Kind spiels\u00fcchtig ist?<\/p>\n<p>Text: Jochen Metzger Bilder: Alamy, ZVG<\/p>\n<\/header>\n<p><a href=\"https:\/\/www.fritzundfraenzi.ch\/medien\/medienerziehung\/fortnite-bunt-aber-nicht-harmlos?page=all\" target=\"_blank\" rel=\"noopener noreferrer\">Der Artikel ist hier zu finden<\/a><\/p>\n<h2>2. Magazin Projuventute<\/h2>\n<div class=\"av-special-heading av-special-heading-h1 avia-builder-el-2 el_after_av_image el_before_av_one_full \">\n<h5 class=\"av-special-heading-tag\">Eine Insel fordert Eltern heraus: Fortnite<\/h5>\n<\/div>\n<div class=\"flex_column av_one_full flex_column_div av-zero-column-padding first avia-builder-el-3 el_after_av_heading el_before_av_one_full \">\n<section class=\"av_textblock_section\">\n<div class=\"avia_textblock \">\n<p>Auf einer kleinen Insel sammeln Leute Ressourcen und\u00a0<strong>Waffen<\/strong>, bauen Unterst\u00e4nde und verstecken sich, um zu\u00a0<strong>\u00fcberleben<\/strong>\u00a0\u2013 ein ziemlich simpler Plot, der nicht zuletzt bei \u00abThe Hunger Games\u00bb immer wieder Stoff f\u00fcr grosse Geschichten geboten hat. So auch f\u00fcr das Computerspiel Fortnite, das die letzten Monate f\u00fcr ziemlichen Wirbel an\u00a0<strong>Schulen<\/strong>, in\u00a0<strong>Familien<\/strong>\u00a0und in\u00a0<strong>Jugendzentren<\/strong>\u00a0gesorgt hat.<\/p>\n<p>Text: Renato H\u00fcppi<\/p>\n<p><a href=\"https:\/\/magazin.projuventute.ch\/was-man-als-eltern-ueber-fortnite-wissen-sollte\/\" target=\"_blank\" rel=\"noopener noreferrer\">Der Artikel ist hier zu finden<\/a><\/p>\n<\/div>\n<\/section>\n<\/div>\n","protected":false},"excerpt":{"rendered":"<p>Das Dilemma mit den Sozialen Medien! Social Dilemma \u2013 Ich habe mir gerade die neue Netflix-Doku zu den Gefahren von Social Media angeschaut. Letztendlich wird aufgezeigt, was wir im Grunde&#8230;<\/p>\n","protected":false},"author":1,"featured_media":0,"parent":0,"menu_order":0,"comment_status":"closed","ping_status":"closed","template":"","meta":{"footnotes":""},"class_list":["post-1493","page","type-page","status-publish","hentry"],"jetpack_sharing_enabled":true,"jetpack_shortlink":"https:\/\/wp.me\/PaS9Lh-o5","_links":{"self":[{"href":"https:\/\/rokja-sensetal.ch\/base\/wp-json\/wp\/v2\/pages\/1493","targetHints":{"allow":["GET"]}}],"collection":[{"href":"https:\/\/rokja-sensetal.ch\/base\/wp-json\/wp\/v2\/pages"}],"about":[{"href":"https:\/\/rokja-sensetal.ch\/base\/wp-json\/wp\/v2\/types\/page"}],"author":[{"embeddable":true,"href":"https:\/\/rokja-sensetal.ch\/base\/wp-json\/wp\/v2\/users\/1"}],"replies":[{"embeddable":true,"href":"https:\/\/rokja-sensetal.ch\/base\/wp-json\/wp\/v2\/comments?post=1493"}],"version-history":[{"count":4,"href":"https:\/\/rokja-sensetal.ch\/base\/wp-json\/wp\/v2\/pages\/1493\/revisions"}],"predecessor-version":[{"id":1523,"href":"https:\/\/rokja-sensetal.ch\/base\/wp-json\/wp\/v2\/pages\/1493\/revisions\/1523"}],"wp:attachment":[{"href":"https:\/\/rokja-sensetal.ch\/base\/wp-json\/wp\/v2\/media?parent=1493"}],"curies":[{"name":"wp","href":"https:\/\/api.w.org\/{rel}","templated":true}]}}