{"id":1498,"date":"2021-04-02T19:48:31","date_gmt":"2021-04-02T17:48:31","guid":{"rendered":"https:\/\/rokja-sensetal.ch\/base\/?page_id=1498"},"modified":"2021-12-23T11:20:34","modified_gmt":"2021-12-23T10:20:34","slug":"sexualitaet","status":"publish","type":"page","link":"https:\/\/rokja-sensetal.ch\/base\/sexualitaet\/","title":{"rendered":"Sexualit\u00e4t"},"content":{"rendered":"<h3><strong>\u00a0<\/strong><strong>Liebe, Sex und solche Sachen\u2026<\/strong><\/h3>\n<p>Bei der Erziehung von Kindern und Jugendlichen spielt das Thema Sexualit\u00e4t eine grosse Rolle. Kinder und Jugendliche in ihrer sexuellen Entwicklung zu unterst\u00fctzen ist eine spannende und zugleich herausfordernde Aufgabe. Es stellen sich f\u00fcr sie als Eltern viele Fragen, die vielleicht zu Unsicherheiten, Scham oder \u00dcberforderung f\u00fchren k\u00f6nnen.<\/p>\n<p><em>Detaillierte Informationen dazu unter:<\/em><\/p>\n<p><a href=\"https:\/\/sexualerziehung-eltern.ch\/de\" target=\"_blank\" rel=\"noopener\">Sexualit\u00e4t \/ Aufkl\u00e4rung<\/a><\/p>\n<p><a href=\"https:\/\/www.sexuelle-gesundheit.ch\/\" target=\"_blank\" rel=\"noopener\">Bildung und Informationen zu Beziehung und Sexualit\u00e4t<\/a><\/p>\n<p><a href=\"https:\/\/www.beges.ch\/themen\/sexualitaet\/\" target=\"_blank\" rel=\"noopener\">K\u00f6rper und Liebe<\/a><\/p>\n<p><a href=\"https:\/\/www.projuventute.ch\/de\/eltern\/medien-internet\/sexting\" target=\"_blank\" rel=\"noopener\">Sexting &#8211; Umgang mit pers\u00f6nlichen Bilder<\/a><\/p>\n<p><a href=\"https:\/\/www.sexuelle-gesundheit.ch\/themen\/geschlechtsidentitaet\" target=\"_blank\" rel=\"noopener\">Geschlechtsidentit\u00e4t und Sexuelle Orientierung\u00a0<\/a><\/p>\n<p>Weitere Links zur Geschlechtsidentit\u00e4t und zur Sexueller Orientierung:<\/p>\n<ul>\n<li><a href=\"http:\/\/www.milchjugend.ch\" target=\"_blank\" rel=\"noopener\">www.milchjugend.ch<\/a><\/li>\n<li><a href=\"http:\/\/www.pinkcross.ch\" target=\"_blank\" rel=\"noopener\">www.pinkcross.ch<\/a><\/li>\n<li><a href=\"http:\/\/www.los.ch\" target=\"_blank\" rel=\"noopener\">www.los.ch<\/a><\/li>\n<li><a href=\"https:\/\/www.srf.ch\/play\/tv\/reporter\/video\/anna-rosenwassers-queere-welt?urn=urn:srf:video:ced4013c-fe1b-4783-b867-d64c8e1b0a2d\">Doku zu Queer<\/a><\/li>\n<\/ul>\n<p>Dazu gibt es vom SRF Schweiz eine Doku Sendung &#8222;Hass gegen LGBTQ+- von Diskriminierung und Wiederstand (April 2021), diese finden Sie <a href=\"https:\/\/www.srf.ch\/play\/tv\/dok\/video\/hass-gegen-lgbtq---von-diskriminierung-und-widerstand?urn=urn:srf:video:2a59e2ce-b09f-4918-be61-848850ee8937\" target=\"_blank\" rel=\"noopener\">hier.<\/a><\/p>\n<p><a href=\"https:\/\/www.feel-ok.ch\/de_CH\/jugendliche\/themen\/liebe_sexualitaet\/themen\/pornographie_prostitution\/pornografie\/pornografie_erotik.cfm\" target=\"_blank\" rel=\"noopener\">Pornografie<\/a><\/p>\n<p>Weiterer Link zum Thema Pornografie:<\/p>\n<ul>\n<li><a href=\"https:\/\/www.skppsc.ch\/de\/themen\/sexuelle-uebergriffe\/illegale-pornografie-pornosucht\/\" target=\"_blank\" rel=\"noopener\">www.SKPPSC.ch<\/a><\/li>\n<\/ul>\n<p>&nbsp;<\/p>\n","protected":false},"excerpt":{"rendered":"<p>\u00a0Liebe, Sex und solche Sachen\u2026 Bei der Erziehung von Kindern und Jugendlichen spielt das Thema Sexualit\u00e4t eine grosse Rolle. Kinder und Jugendliche in ihrer sexuellen Entwicklung zu unterst\u00fctzen ist eine&#8230;<\/p>\n","protected":false},"author":1,"featured_media":0,"parent":0,"menu_order":0,"comment_status":"open","ping_status":"closed","template":"","meta":{"footnotes":""},"class_list":["post-1498","page","type-page","status-publish","hentry"],"jetpack_sharing_enabled":true,"jetpack_shortlink":"https:\/\/wp.me\/PaS9Lh-oa","_links":{"self":[{"href":"https:\/\/rokja-sensetal.ch\/base\/wp-json\/wp\/v2\/pages\/1498","targetHints":{"allow":["GET"]}}],"collection":[{"href":"https:\/\/rokja-sensetal.ch\/base\/wp-json\/wp\/v2\/pages"}],"about":[{"href":"https:\/\/rokja-sensetal.ch\/base\/wp-json\/wp\/v2\/types\/page"}],"author":[{"embeddable":true,"href":"https:\/\/rokja-sensetal.ch\/base\/wp-json\/wp\/v2\/users\/1"}],"replies":[{"embeddable":true,"href":"https:\/\/rokja-sensetal.ch\/base\/wp-json\/wp\/v2\/comments?post=1498"}],"version-history":[{"count":20,"href":"https:\/\/rokja-sensetal.ch\/base\/wp-json\/wp\/v2\/pages\/1498\/revisions"}],"predecessor-version":[{"id":1717,"href":"https:\/\/rokja-sensetal.ch\/base\/wp-json\/wp\/v2\/pages\/1498\/revisions\/1717"}],"wp:attachment":[{"href":"https:\/\/rokja-sensetal.ch\/base\/wp-json\/wp\/v2\/media?parent=1498"}],"curies":[{"name":"wp","href":"https:\/\/api.w.org\/{rel}","templated":true}]}}