{"id":1612,"date":"2021-08-02T13:55:04","date_gmt":"2021-08-02T11:55:04","guid":{"rendered":"https:\/\/rokja-sensetal.ch\/base\/?page_id=1612"},"modified":"2021-12-23T10:34:40","modified_gmt":"2021-12-23T09:34:40","slug":"regeln","status":"publish","type":"page","link":"https:\/\/rokja-sensetal.ch\/base\/regeln\/","title":{"rendered":"4. Erziehung"},"content":{"rendered":"<div class=\"con\">\n<div class=\"modCon\">\n<div class=\"mod modA modParagraph\">\n<div class=\"boxCon\">\n<div class=\"box\">\n<p class=\"einleitung small\">Kinder zu erziehen, ist eine grosses Projekt. Doch wie sollte man hier vorgehen? Viele Elternteile sind verunsichert und f\u00fchlen sich mit ihren Fragen alleine gelassen. Die richtige Erziehung oder die falsche Erziehung gibt es nicht. Es kommt im Familienalltag auf die Besonderheiten von Kind und der jeweiligen Familie an. Dennoch gibt es einige zentrale Grundvoraussetzungen f\u00fcr eine gelingende Erziehung. Ganz wichtig ist die Liebe zum Kind. Eltern sollten Freude daran haben, ihr Kind zu erziehen und die Aufgabe mit ihm nicht als Belastung sehen. Auch wenn die Erziehung eine grosse und lange Verantwortung darstellt, kann sie viel Freude bereiten und eine solide Basis f\u00fcr die kommenden Jahre gelegt werden. Besonders wichtig ist, das Kind in seiner Pers\u00f6nlichkeit zu achten.<\/p>\n<p><em>Detaillierte Informationen unter:<\/em><\/p>\n<p><a href=\"https:\/\/www.jako-o.com\/de_CH\/magazin\/kindererziehung\/erziehungshilfe\/familienregeln\" target=\"_blank\" rel=\"noopener\">Regeln<\/a><\/p>\n<p><strong>Unverhandelbare Regeln:<\/strong>\u00a0In den meisten Familien gibt es ein paar unumst\u00f6\u00dfliche, von der Situation unabh\u00e4ngige Regeln. Sie bilden den \u201eRahmen\u201c f\u00fcr das Familienleben, z. B.<\/p>\n<ul>\n<li>Gewalt hat keinen Platz<\/li>\n<li>Jeder darf ausreden, niemand wird ausgelacht<\/li>\n<li>Abgemachte Zeiten werden eingehalten<\/li>\n<li>Bestimmte Bereiche (z. B. der Herd, Mamas Handtasche, das Arbeitszimmer) sind tabu<\/li>\n<\/ul>\n<p><strong>Flexible Regeln:<\/strong>\u00a0Die Grundregeln einer Familie werden erg\u00e4nzt von spezifischen, flexibleren Regeln. Die Eltern k\u00f6nnen sie in bestimmten Situationen anpassen, ohne ihre gesamte Erziehung in Frage zu stellen, zum Beispiel am Wochenende, in den Ferien, zu Besuch bei Oma und Opa. Zu den typischen flexiblen Familienregeln z\u00e4hlen:<\/p>\n<ul>\n<li>Fernsehzeiten und -dauer<\/li>\n<li>Bettgehzeiten<\/li>\n<li>Konsum von Snacks und S\u00fc\u00dfigkeiten<\/li>\n<li>Helfen im Haushalt<\/li>\n<li>Essenszeiten und Tischsitten<\/li>\n<li>Taschengeld<\/li>\n<\/ul>\n<p><a href=\"https:\/\/digitale-elternbildung.de\/l-9-zubehoer\/\" target=\"_blank\" rel=\"noopener\">Rituale<\/a><\/p>\n<p>Geeignete Rituale f\u00fcr die Alltagsgestaltung von Familien sind z.B.:<\/p>\n<ul>\n<li>gemeinsames Fr\u00fchst\u00fcck<\/li>\n<li>Hausaufgabentisch<\/li>\n<li>gemeinsames Abendessen<\/li>\n<li>Abendritual (Singen oder Geschichte)<\/li>\n<li>Mittwochabend ist ein gemeinsamer Spieleabend in der Familie<\/li>\n<li>Sonntags wird ein gemeinsamer Ausflug gemachtGeeignete Rituale f\u00fcr die Alltagsgestaltung von Familien sind z.B.:<\/li>\n<\/ul>\n<p><a href=\"https:\/\/www.projuventute.ch\/de\/eltern\/familie-gesellschaft\/taschengeld?gclid=EAIaIQobChMIsJmTueeb8gIVk_93Ch0WSwYoEAAYASAAEgJ4vPD_BwE\" target=\"_blank\" rel=\"noopener\">Taschengeld<\/a><\/p>\n<p>&nbsp;<\/p>\n<\/div>\n<\/div>\n<\/div>\n<\/div>\n<\/div>\n","protected":false},"excerpt":{"rendered":"<p>Kinder zu erziehen, ist eine grosses Projekt. Doch wie sollte man hier vorgehen? Viele Elternteile sind verunsichert und f\u00fchlen sich mit ihren Fragen alleine gelassen. Die richtige Erziehung oder die&#8230;<\/p>\n","protected":false},"author":1,"featured_media":0,"parent":0,"menu_order":0,"comment_status":"closed","ping_status":"closed","template":"","meta":{"footnotes":""},"class_list":["post-1612","page","type-page","status-publish","hentry"],"jetpack_sharing_enabled":true,"jetpack_shortlink":"https:\/\/wp.me\/PaS9Lh-q0","_links":{"self":[{"href":"https:\/\/rokja-sensetal.ch\/base\/wp-json\/wp\/v2\/pages\/1612","targetHints":{"allow":["GET"]}}],"collection":[{"href":"https:\/\/rokja-sensetal.ch\/base\/wp-json\/wp\/v2\/pages"}],"about":[{"href":"https:\/\/rokja-sensetal.ch\/base\/wp-json\/wp\/v2\/types\/page"}],"author":[{"embeddable":true,"href":"https:\/\/rokja-sensetal.ch\/base\/wp-json\/wp\/v2\/users\/1"}],"replies":[{"embeddable":true,"href":"https:\/\/rokja-sensetal.ch\/base\/wp-json\/wp\/v2\/comments?post=1612"}],"version-history":[{"count":5,"href":"https:\/\/rokja-sensetal.ch\/base\/wp-json\/wp\/v2\/pages\/1612\/revisions"}],"predecessor-version":[{"id":1620,"href":"https:\/\/rokja-sensetal.ch\/base\/wp-json\/wp\/v2\/pages\/1612\/revisions\/1620"}],"wp:attachment":[{"href":"https:\/\/rokja-sensetal.ch\/base\/wp-json\/wp\/v2\/media?parent=1612"}],"curies":[{"name":"wp","href":"https:\/\/api.w.org\/{rel}","templated":true}]}}