{"id":1639,"date":"2021-08-09T09:58:33","date_gmt":"2021-08-09T07:58:33","guid":{"rendered":"https:\/\/rokja-sensetal.ch\/base\/?page_id=1639"},"modified":"2025-02-26T16:51:35","modified_gmt":"2025-02-26T15:51:35","slug":"suchtmittel","status":"publish","type":"page","link":"https:\/\/rokja-sensetal.ch\/base\/suchtmittel\/","title":{"rendered":"Suchtmittel"},"content":{"rendered":"<h3>Suchtmittel<\/h3>\n<p>Das Jugendalter ist aus neurobiologischer Sicht eine turbulente Zeit. Die Risikobereitschaft steigt und Neurone und Transmitter spielen zusammen mit Hormonver\u00e4nderungen ein Auf- und ab- Spiel. Das bekannte Wechselbad der Gef\u00fchle entsteht. Die Jugendzeit ist ein wichtiger Schritt in der individuellen Entwicklung; Freunde, Familie, Schule, Ausbildung, der eigene K\u00f6rper, alles ver\u00e4ndert sich.<\/p>\n<p>Aufgrund dieser Unkonstante sind Jugendliche besonders anf\u00e4llig Suchtmittel auszuprobieren und einen risikobehafteten Umgang damit zu entwickeln. Psychoaktive Substanzen k\u00f6nnen sich negativ auf die Entwicklung des Gehirns und dessen Stoffwechsel aus\u00fcben. Die Wahrscheinlichkeit eine psychische Auff\u00e4lligkeit zu entwickeln steigt.<\/p>\n<p>Die Gef\u00e4hrdung h\u00e4ngt jedoch von diversen Faktoren ab. Nicht alle Jugendlichen werden nach einem Schluck Alkohol oder einem Zug eines Joints gleich suchtkrank. In den letzten 1-2 Jahren hat sich das Vaping oder Jugendlichen (vor allem M\u00e4dchen) verbreitet. Das Vaping lockt die Jugendlichen mit den s\u00fcssen Geschmackstoffen, der relativ einfachen Verf\u00fcgbarkeit und dem elektronischen Gadget. Das Vaping ist aber nicht zu untersch\u00e4tzen und birgt erhebliches Gefahrenpotenzial und machen schnell abh\u00e4ngig.<\/p>\n<p><em>Detaillierte Informationen unter folgenden Links:<\/em><\/p>\n<p><a href=\"https:\/\/www.bernergesundheit.ch\/waswirtun\/suchtberatung\/\" target=\"_blank\" rel=\"noopener\">Suchtberatung Berner Gesundheit<\/a><\/p>\n<p><a href=\"https:\/\/zahlen-fakten.suchtschweiz.ch\/\" target=\"_blank\" rel=\"noopener\">Zahlen und Fakten Suchtmittel Schweiz<\/a><\/p>\n<p><a href=\"https:\/\/www.kinderaerzte-im-netz.de\/altersgruppen\/jugendliche\/info-sucht\/gruende-fuer-den-drogenkonsum\/\" target=\"_blank\" rel=\"noopener\">Gr\u00fcnde f\u00fcr den Suchtmittelkonsum<\/a><\/p>\n<p><a href=\"https:\/\/www.kinderaerzte-im-netz.de\/altersgruppen\/jugendliche\/info-sucht\/wie-schuetze-ich-mein-kind-vor-drogen\/\" target=\"_blank\" rel=\"noopener\">Wie sch\u00fctze ich mein Kind vor dem Suchtmittelkonsum?<\/a><\/p>\n<p><a href=\"https:\/\/www.kinderaerzte-im-netz.de\/altersgruppen\/jugendliche\/info-sucht\/was-tun-wenn-das-eigene-kind-suechtig-ist\/\" target=\"_blank\" rel=\"noopener\">Was tun wenn mein Kind s\u00fcchtig ist?<\/a><\/p>\n<p><a href=\"https:\/\/www.dhs.de\/fileadmin\/user_upload\/pdf\/Broschueren\/Rauschmittelkonsum_im_Jugendalter.pdf\" target=\"_blank\" rel=\"noopener\">Brosch\u00fcre: Rauschmittelkonsum im Jugendalter<\/a><\/p>\n<p><a href=\"https:\/\/www.vape-aware.ch\">Informationen zu Vaping\u00a0<\/a><\/p>\n<p><a href=\"https:\/\/www.suchtschweiz.ch\/zahlen-und-fakten\/neue-nikotinhaltige-produkte\/\">Neuartige Nikotinprodukte<\/a><\/p>\n<p><a href=\"https:\/\/www.vape-aware.ch\/#parentsandteachers\">Informationen f\u00fcr Eltern und Lehrpersonen<\/a><\/p>\n","protected":false},"excerpt":{"rendered":"<p>Suchtmittel Das Jugendalter ist aus neurobiologischer Sicht eine turbulente Zeit. Die Risikobereitschaft steigt und Neurone und Transmitter spielen zusammen mit Hormonver\u00e4nderungen ein Auf- und ab- Spiel. Das bekannte Wechselbad der&#8230;<\/p>\n","protected":false},"author":1,"featured_media":0,"parent":0,"menu_order":0,"comment_status":"open","ping_status":"closed","template":"","meta":{"footnotes":""},"class_list":["post-1639","page","type-page","status-publish","hentry"],"jetpack_sharing_enabled":true,"jetpack_shortlink":"https:\/\/wp.me\/PaS9Lh-qr","_links":{"self":[{"href":"https:\/\/rokja-sensetal.ch\/base\/wp-json\/wp\/v2\/pages\/1639","targetHints":{"allow":["GET"]}}],"collection":[{"href":"https:\/\/rokja-sensetal.ch\/base\/wp-json\/wp\/v2\/pages"}],"about":[{"href":"https:\/\/rokja-sensetal.ch\/base\/wp-json\/wp\/v2\/types\/page"}],"author":[{"embeddable":true,"href":"https:\/\/rokja-sensetal.ch\/base\/wp-json\/wp\/v2\/users\/1"}],"replies":[{"embeddable":true,"href":"https:\/\/rokja-sensetal.ch\/base\/wp-json\/wp\/v2\/comments?post=1639"}],"version-history":[{"count":12,"href":"https:\/\/rokja-sensetal.ch\/base\/wp-json\/wp\/v2\/pages\/1639\/revisions"}],"predecessor-version":[{"id":2667,"href":"https:\/\/rokja-sensetal.ch\/base\/wp-json\/wp\/v2\/pages\/1639\/revisions\/2667"}],"wp:attachment":[{"href":"https:\/\/rokja-sensetal.ch\/base\/wp-json\/wp\/v2\/media?parent=1639"}],"curies":[{"name":"wp","href":"https:\/\/api.w.org\/{rel}","templated":true}]}}