{"id":1779,"date":"2021-12-23T11:09:55","date_gmt":"2021-12-23T10:09:55","guid":{"rendered":"https:\/\/rokja-sensetal.ch\/base\/?page_id=1779"},"modified":"2021-12-23T11:10:01","modified_gmt":"2021-12-23T10:10:01","slug":"berufsvorbereitung","status":"publish","type":"page","link":"https:\/\/rokja-sensetal.ch\/base\/berufsvorbereitung\/","title":{"rendered":"Berufsvorbereitung"},"content":{"rendered":"<p>Wie unterst\u00fctze ich mein Kind in seiner oder ihrer Berufswahl? Wie viel Einfluss soll ich als Elternteil oder Bezugsperson nehmen? Sind Jugendliche zwischen 14 und 15 Jahren \u00fcberhaupt schon in der Lage, sich f\u00fcr einen Beruf zu entscheiden?<\/p>\n<p>Diese Fragen besch\u00e4ftigen viele Eltern.<\/p>\n<p>Die Vielfallt der Wege und der Berufe in der Schweiz, welche Jugendliche w\u00e4hlen k\u00f6nnen, ist in den letzten Jahren stark gestiegen.\u00a0 In dieser Vielfalt eine Entscheidung zu treffen, ist f\u00fcr viele eine Herausforderung. Auch befinden sich Jugendliche in diesem Alter in pers\u00f6nlichen und k\u00f6rperlichen Ver\u00e4nderungsprozessen, wodurch die Berufswahl nicht gerade vereinfacht wird.\u00a0 Dennoch ist es m\u00f6glich, sich in diesem fr\u00fchen Alter f\u00fcr einen Weg oder einen Beruf zu entscheiden und eine erste Basis f\u00fcr den beruflichen Werdegang zu legen.<\/p>\n<p>Als Eltern oder Bezugsperson ist es in dieser Phase wichtig, Jugendliche in ihrem Entscheidungsprozess zu begleiten und ihnen zuzutrauen, dass ihre Entscheidungen gelingen. Mit famili\u00e4rer Unterst\u00fctzung f\u00e4llt es den meisten Jugendlichen leichter, ihre W\u00fcnsche, Vorstellungen und Ziele ausfindig zu machen und mit der Realit\u00e4t zu verkn\u00fcpfen. Wir verbringen einen grossen Teil unserer Lebenszeit mit beruflichen T\u00e4tigkeiten, weshalb es von hoher Bedeutung ist, in der Berufswahl eine Richtung einzuschlagen, die den pers\u00f6nlichen Interessen und St\u00e4rken entspricht.<\/p>\n<p>Auch ist es wichtig, die Rahmenbedingungen richtig einzusch\u00e4tzen, damit die Berufsw\u00fcnsche auch realistisch sind. Wenn pers\u00f6nliche Interessen und F\u00e4higkeiten einem Beruf entsprechen, steigert das die Motivation und Begeisterung, wodurch Freunde am Tun und Lernen erreicht wird. Durch Anregungen von und Gespr\u00e4che mit unterschiedlichen Menschen, z.B. der Familie, dem Freundeskreis oder mit Fachpersonen kann Schritt f\u00fcr Schritt klarer werden, in welche Richtung eine Person gehen m\u00f6chte. Mit ersten Erfahrungen und Einblicken in Berufe, z.B. durch Schnuppertage oder Berufsfilme auf YouTube k\u00f6nnen vielf\u00e4ltige Eindr\u00fccke gesammelt und pers\u00f6nliche Interessen bewusst gemacht werden.<\/p>\n<p><em>Detaillierte Informationen unter folgenden Links:<\/em><\/p>\n<p><a href=\"https:\/\/www.biz.bkd.be.ch\/de\/start\/themen\/berufswahl-und-ausbildungswege\/informationen-fuer-schuelerinnen-und-schueler\/berufswahlfahrplan.html\">Berufswahlfahrplan\u00a0<\/a><\/p>\n<p><a href=\"https:\/\/www.biz.bkd.be.ch\/de\/start\/themen\/berufswahl-und-ausbildungswege\/informationen-fuer-schuelerinnen-und-schueler.html\">Schnuppern, Lehrstellen, Br\u00fcckenangebote, Mittelschule<\/a><\/p>\n<p><a href=\"https:\/\/www.berufsberatung.ch\/dyn\/show\/2800\">Bildungswege Schweiz<\/a><\/p>\n<p><a href=\"https:\/\/www.youtube.com\/watch?v=WfrV6tX8vyw\">Schritte der Berufswahl: Video BIZ Bern<\/a><\/p>\n<p><a href=\"https:\/\/www.bkd.be.ch\/de\/start\/themen\/bildung-im-kanton-bern\/berufsbildung.html\">Berufsbildung<\/a><\/p>\n<p><a href=\"https:\/\/www.projuventute.ch\/de\/eltern\/schule-ausbildung\/lehrstellensuche-tipps\">10 Tipps f\u00fcr die erfolgreiche Lehrstellensuche<\/a><\/p>\n<p><a href=\"https:\/\/www.projuventute.ch\/de\/eltern\/ausbildung\/berufswahl\">Mit elterlicher Begleitung gelingt die fr\u00fche Berufswahl besser<\/a><\/p>\n<p><a href=\"https:\/\/www.berufsberatung.ch\/dyn\/show\/1904?Txt=berufswahl&amp;Txt_Id=&amp;lang=de&amp;Idx=0&amp;postBack=true&amp;SortLastTitle=&amp;CountResult=3&amp;Total_Idx=3&amp;CounterSearch=3&amp;UrlAjaxWebSearch=%2FApp_MovieWeb%2FAjaxWebSearch\">Berufswahl: Drei thematische Videos \/ Rolle Eltern \/ Vorstellungsgespr\u00e4ch \/ Schritte Berufswahl<\/a><\/p>\n<p><a href=\"https:\/\/www.biz.bkd.be.ch\/de\/start.html\">BIZ: Berufsberatungs- und Informationszentrum<\/a><\/p>\n<p><a href=\"https:\/\/www.berufsberatung.ch\/dyn\/show\/7377\">Br\u00fcckenangebote und Zwischenl\u00f6sungen<\/a><\/p>\n","protected":false},"excerpt":{"rendered":"<p>Wie unterst\u00fctze ich mein Kind in seiner oder ihrer Berufswahl? Wie viel Einfluss soll ich als Elternteil oder Bezugsperson nehmen? Sind Jugendliche zwischen 14 und 15 Jahren \u00fcberhaupt schon in&#8230;<\/p>\n","protected":false},"author":1,"featured_media":0,"parent":0,"menu_order":0,"comment_status":"open","ping_status":"closed","template":"","meta":{"footnotes":""},"class_list":["post-1779","page","type-page","status-publish","hentry"],"jetpack_sharing_enabled":true,"jetpack_shortlink":"https:\/\/wp.me\/PaS9Lh-sH","_links":{"self":[{"href":"https:\/\/rokja-sensetal.ch\/base\/wp-json\/wp\/v2\/pages\/1779","targetHints":{"allow":["GET"]}}],"collection":[{"href":"https:\/\/rokja-sensetal.ch\/base\/wp-json\/wp\/v2\/pages"}],"about":[{"href":"https:\/\/rokja-sensetal.ch\/base\/wp-json\/wp\/v2\/types\/page"}],"author":[{"embeddable":true,"href":"https:\/\/rokja-sensetal.ch\/base\/wp-json\/wp\/v2\/users\/1"}],"replies":[{"embeddable":true,"href":"https:\/\/rokja-sensetal.ch\/base\/wp-json\/wp\/v2\/comments?post=1779"}],"version-history":[{"count":2,"href":"https:\/\/rokja-sensetal.ch\/base\/wp-json\/wp\/v2\/pages\/1779\/revisions"}],"predecessor-version":[{"id":1781,"href":"https:\/\/rokja-sensetal.ch\/base\/wp-json\/wp\/v2\/pages\/1779\/revisions\/1781"}],"wp:attachment":[{"href":"https:\/\/rokja-sensetal.ch\/base\/wp-json\/wp\/v2\/media?parent=1779"}],"curies":[{"name":"wp","href":"https:\/\/api.w.org\/{rel}","templated":true}]}}