{"id":2339,"date":"2023-11-06T09:09:53","date_gmt":"2023-11-06T08:09:53","guid":{"rendered":"https:\/\/rokja-sensetal.ch\/base\/?page_id=2339"},"modified":"2023-11-06T09:09:53","modified_gmt":"2023-11-06T08:09:53","slug":"regionales-buero","status":"publish","type":"page","link":"https:\/\/rokja-sensetal.ch\/base\/regionales-buero\/","title":{"rendered":"Regionales B\u00fcro"},"content":{"rendered":"<p>In Neuenegg verf\u00fcgt die ROKJA an der Laupenstrasse 31 ein gemeinsames regionales B\u00fcro.\u00a0 Welches vom ganzem Team genutzt wird bspw. f\u00fcr B\u00fcroarbeiten, Sitzungen oder auch Beratungsgespr\u00e4che.<\/p>\n<p>&nbsp;<\/p>\n<p>Regionale offene Kinder- und Jugendarbeit Sensetal &#8211; ROKJA<\/p>\n<p>Laupenstrasse 31<\/p>\n<p>3176 Neuenegg<\/p>\n","protected":false},"excerpt":{"rendered":"<p>In Neuenegg verf\u00fcgt die ROKJA an der Laupenstrasse 31 ein gemeinsames regionales B\u00fcro.\u00a0 Welches vom ganzem Team genutzt wird bspw. f\u00fcr B\u00fcroarbeiten, Sitzungen oder auch Beratungsgespr\u00e4che. &nbsp; Regionale offene Kinder-&#8230;<\/p>\n","protected":false},"author":1,"featured_media":0,"parent":0,"menu_order":0,"comment_status":"closed","ping_status":"closed","template":"","meta":{"footnotes":""},"class_list":["post-2339","page","type-page","status-publish","hentry"],"jetpack_sharing_enabled":true,"jetpack_shortlink":"https:\/\/wp.me\/PaS9Lh-BJ","_links":{"self":[{"href":"https:\/\/rokja-sensetal.ch\/base\/wp-json\/wp\/v2\/pages\/2339","targetHints":{"allow":["GET"]}}],"collection":[{"href":"https:\/\/rokja-sensetal.ch\/base\/wp-json\/wp\/v2\/pages"}],"about":[{"href":"https:\/\/rokja-sensetal.ch\/base\/wp-json\/wp\/v2\/types\/page"}],"author":[{"embeddable":true,"href":"https:\/\/rokja-sensetal.ch\/base\/wp-json\/wp\/v2\/users\/1"}],"replies":[{"embeddable":true,"href":"https:\/\/rokja-sensetal.ch\/base\/wp-json\/wp\/v2\/comments?post=2339"}],"version-history":[{"count":1,"href":"https:\/\/rokja-sensetal.ch\/base\/wp-json\/wp\/v2\/pages\/2339\/revisions"}],"predecessor-version":[{"id":2340,"href":"https:\/\/rokja-sensetal.ch\/base\/wp-json\/wp\/v2\/pages\/2339\/revisions\/2340"}],"wp:attachment":[{"href":"https:\/\/rokja-sensetal.ch\/base\/wp-json\/wp\/v2\/media?parent=2339"}],"curies":[{"name":"wp","href":"https:\/\/api.w.org\/{rel}","templated":true}]}}